{"id":36,"date":"2024-09-03T10:32:42","date_gmt":"2024-09-03T08:32:42","guid":{"rendered":"http:\/\/10.3.30.65\/index.php\/home\/"},"modified":"2024-09-21T11:33:51","modified_gmt":"2024-09-21T09:33:51","slug":"home","status":"publish","type":"page","link":"https:\/\/www.szkoleniebiblioteczne.umb.edu.pl\/","title":{"rendered":"Home"},"content":{"rendered":"\t\t<div data-elementor-type=\"wp-page\" data-elementor-id=\"36\" class=\"elementor elementor-36\">\n\t\t\t\t<div class=\"elementor-element elementor-element-26e64e3 e-con-full e-flex e-con e-parent\" data-id=\"26e64e3\" data-element_type=\"container\" data-settings=\"{&quot;background_background&quot;:&quot;classic&quot;}\">\n\t\t<div class=\"elementor-element elementor-element-7e5736c9 e-con-full e-flex e-con e-child\" data-id=\"7e5736c9\" data-element_type=\"container\">\n\t\t\t\t<div class=\"elementor-element elementor-element-45b90b6c elementor-widget elementor-widget-heading\" data-id=\"45b90b6c\" data-element_type=\"widget\" data-widget_type=\"heading.default\">\n\t\t\t\t<div class=\"elementor-widget-container\">\n\t\t\t\t\t<h2 class=\"elementor-heading-title elementor-size-default\">Szkolenie biblioteczne<\/h2>\t\t\t\t<\/div>\n\t\t\t\t<\/div>\n\t\t\t\t<div class=\"elementor-element elementor-element-746839bd elementor-widget elementor-widget-heading\" data-id=\"746839bd\" data-element_type=\"widget\" data-widget_type=\"heading.default\">\n\t\t\t\t<div class=\"elementor-widget-container\">\n\t\t\t\t\t<p class=\"elementor-heading-title elementor-size-default\">dla student\u00f3w Uniwersytetu Medycznego\nw Bia\u0142ymstoku<\/p>\t\t\t\t<\/div>\n\t\t\t\t<\/div>\n\t\t\t\t<div class=\"elementor-element elementor-element-3f385432 elementor-widget elementor-widget-text-editor\" data-id=\"3f385432\" data-element_type=\"widget\" data-widget_type=\"text-editor.default\">\n\t\t\t\t<div class=\"elementor-widget-container\">\n\t\t\t\t\t\t\t\t\t<p>Jak zalogowa\u0107 si\u0119 na konto biblioteczne? Gdzie znale\u017a\u0107 i zam\u00f3wi\u0107 podr\u0119cznik? Odpowiedzi na te i inne pytania znajdziesz w naszym szkoleniu bibliotecznym. Rozsi\u0105d\u017a si\u0119 wygodnie, zarezerwuj 10 minut.\u00a0<\/p><p>Po szkoleniu i aktywacji b\u0119dziesz m\u00f3g\u0142 korzysta\u0107 z pe\u0142nej oferty biblioteki<\/p>\t\t\t\t\t\t\t\t<\/div>\n\t\t\t\t<\/div>\n\t\t\t\t<div class=\"elementor-element elementor-element-322d919e elementor-align-left elementor-tablet-align-center elementor-widget elementor-widget-button\" data-id=\"322d919e\" data-element_type=\"widget\" data-widget_type=\"button.default\">\n\t\t\t\t<div class=\"elementor-widget-container\">\n\t\t\t\t\t\t\t\t\t<div class=\"elementor-button-wrapper\">\n\t\t\t\t\t<a class=\"elementor-button elementor-button-link elementor-size-sm elementor-animation-grow\" href=\"\/?page_id=124\">\n\t\t\t\t\t\t<span class=\"elementor-button-content-wrapper\">\n\t\t\t\t\t\t\t\t\t<span class=\"elementor-button-text\">Rozpocznij szkolenie<\/span>\n\t\t\t\t\t<\/span>\n\t\t\t\t\t<\/a>\n\t\t\t\t<\/div>\n\t\t\t\t\t\t\t\t<\/div>\n\t\t\t\t<\/div>\n\t\t\t\t<\/div>\n\t\t\t\t<div class=\"elementor-element elementor-element-5fcdf0b elementor-widget__width-initial elementor-widget-tablet__width-inherit elementor-widget elementor-widget-image\" data-id=\"5fcdf0b\" data-element_type=\"widget\" data-widget_type=\"image.default\">\n\t\t\t\t<div class=\"elementor-widget-container\">\n\t\t\t\t\t\t\t\t\t\t\t\t\t\t\t<img decoding=\"async\" src=\"\/wp-content\/uploads\/2024\/09\/AdobeStock_388684331-maloky.jpg\" title=\"\" alt=\"\" loading=\"lazy\" \/>\t\t\t\t\t\t\t\t\t\t\t\t\t\t\t<\/div>\n\t\t\t\t<\/div>\n\t\t\t\t<\/div>\n\t\t\t\t<\/div>\n\t\t","protected":false},"excerpt":{"rendered":"<p>Szkolenie biblioteczne dla student\u00f3w Uniwersytetu Medycznego w Bia\u0142ymstoku Jak zalogowa\u0107 si\u0119 na konto biblioteczne? Gdzie znale\u017a\u0107 i zam\u00f3wi\u0107 podr\u0119cznik? Odpowiedzi na te i inne pytania znajdziesz w naszym szkoleniu bibliotecznym. Rozsi\u0105d\u017a si\u0119 wygodnie, zarezerwuj 10 minut.\u00a0 Po szkoleniu i aktywacji b\u0119dziesz m\u00f3g\u0142 korzysta\u0107 z pe\u0142nej oferty biblioteki Rozpocznij szkolenie<\/p>\n","protected":false},"author":1,"featured_media":0,"parent":0,"menu_order":0,"comment_status":"closed","ping_status":"closed","template":"elementor_header_footer","meta":{"_kad_post_transparent":"","_kad_post_title":"","_kad_post_layout":"","_kad_post_sidebar_id":"","_kad_post_content_style":"","_kad_post_vertical_padding":"","_kad_post_feature":"","_kad_post_feature_position":"","_kad_post_header":false,"_kad_post_footer":false,"footnotes":""},"class_list":["post-36","page","type-page","status-publish","hentry"],"_links":{"self":[{"href":"https:\/\/www.szkoleniebiblioteczne.umb.edu.pl\/index.php?rest_route=\/wp\/v2\/pages\/36","targetHints":{"allow":["GET"]}}],"collection":[{"href":"https:\/\/www.szkoleniebiblioteczne.umb.edu.pl\/index.php?rest_route=\/wp\/v2\/pages"}],"about":[{"href":"https:\/\/www.szkoleniebiblioteczne.umb.edu.pl\/index.php?rest_route=\/wp\/v2\/types\/page"}],"author":[{"embeddable":true,"href":"https:\/\/www.szkoleniebiblioteczne.umb.edu.pl\/index.php?rest_route=\/wp\/v2\/users\/1"}],"replies":[{"embeddable":true,"href":"https:\/\/www.szkoleniebiblioteczne.umb.edu.pl\/index.php?rest_route=%2Fwp%2Fv2%2Fcomments&post=36"}],"version-history":[{"count":91,"href":"https:\/\/www.szkoleniebiblioteczne.umb.edu.pl\/index.php?rest_route=\/wp\/v2\/pages\/36\/revisions"}],"predecessor-version":[{"id":277,"href":"https:\/\/www.szkoleniebiblioteczne.umb.edu.pl\/index.php?rest_route=\/wp\/v2\/pages\/36\/revisions\/277"}],"wp:attachment":[{"href":"https:\/\/www.szkoleniebiblioteczne.umb.edu.pl\/index.php?rest_route=%2Fwp%2Fv2%2Fmedia&parent=36"}],"curies":[{"name":"wp","href":"https:\/\/api.w.org\/{rel}","templated":true}]}}